{"id":3053,"date":"2026-02-02T11:04:49","date_gmt":"2026-02-02T11:04:49","guid":{"rendered":"https:\/\/tiagoremedio.com.br\/?page_id=3053"},"modified":"2026-02-09T17:01:16","modified_gmt":"2026-02-09T17:01:16","slug":"consultoria","status":"publish","type":"page","link":"https:\/\/tiagoremedio.com.br\/en\/consultoria\/","title":{"rendered":"Consulting"},"content":{"rendered":"<div data-elementor-type=\"wp-page\" data-elementor-id=\"3053\" class=\"elementor elementor-3053\">\n\t\t\t\t<div class=\"elementor-element elementor-element-9ab4515 e-flex e-con-boxed e-con e-parent\" data-id=\"9ab4515\" data-element_type=\"container\" data-e-type=\"container\">\n\t\t\t\t\t<div class=\"e-con-inner\">\n\t\t\t\t<div class=\"elementor-element elementor-element-a214f51 elementor-widget elementor-widget-text-editor\" data-id=\"a214f51\" data-element_type=\"widget\" data-e-type=\"widget\" data-widget_type=\"text-editor.default\">\n\t\t\t\t<div class=\"elementor-widget-container\">\n\t\t\t\t\t\t\t\t\t<p><strong>IT Consulting<\/strong><\/p><p class=\"p1\" style=\"text-align: justify;\">IT consulting is a specialized service that supports companies in the strategic use of technology to improve processes, increase operational efficiency, and support decision-making. The consultant's work involves analyzing the current scenario, identifying opportunities for improvement, proposing solutions aligned with business objectives, and monitoring their implementation, ensuring that technology is used safely, efficiently, and in a results-oriented manner.<\/p><p>Consulting services include, among others:<\/p><ul><li>Periodic review of the architecture of existing systems<\/li><li>Support in system migration and optimization.<\/li><li>Configuration and monitoring of servers and assets.<\/li><li>Evaluation and implementation of IT best practices.<\/li><li>Verification, regularization, and management of software licenses.<\/li><li>Support in defining software usage policies and internal compliance.<\/li><li>Review of internal IT policies and processes<\/li><li>Support in defining IT processes and workflows.<\/li><li>Access permission settings<\/li><li>Security event monitoring and alerts<\/li><li>Implementation of retention policies and audit data.<\/li><li>Execution of audit searches<\/li><li>Consulting and guidance for internal IT professionals.<\/li><li>Training and developing the team in tools and best practices.<\/li><li>Identifying opportunities for technological innovation<\/li><li>Recommendations for tools and solutions to optimize costs and productivity.<\/li><\/ul>\t\t\t\t\t\t\t\t<\/div>\n\t\t\t\t<\/div>\n\t\t\t\t\t<\/div>\n\t\t\t\t<\/div>\n\t\t<div class=\"elementor-element elementor-element-d7e2322 e-flex e-con-boxed e-con e-parent\" data-id=\"d7e2322\" data-element_type=\"container\" data-e-type=\"container\">\n\t\t\t\t\t<div class=\"e-con-inner\">\n\t\t\t\t<div class=\"elementor-element elementor-element-67f2db8 elementor-widget elementor-widget-ryancv-heading-two\" data-id=\"67f2db8\" data-element_type=\"widget\" data-e-type=\"widget\" data-widget_type=\"ryancv-heading-two.default\">\n\t\t\t\t<div class=\"elementor-widget-container\">\n\t\t\t\t\t\n\t\t<!-- Heading -->\n\t\t<div class=\"ar-sec-head\">\n\t\t\t\t\t\t<!-- subtitle -->\n\t\t\t<div class=\"ar-sub-title-icon\">\n\t\t\t\t\t\t\t\t\t\t\t\t<svg aria-hidden=\"true\" class=\"e-font-icon-svg e-far-gem\" viewbox=\"0 0 576 512\" xmlns=\"http:\/\/www.w3.org\/2000\/svg\"><path d=\"M464 0H112c-4 0-7.8 2-10 5.4L2 152.6c-2.9 4.4-2.6 10.2.7 14.2l276 340.8c4.8 5.9 13.8 5.9 18.6 0l276-340.8c3.3-4.1 3.6-9.8.7-14.2L474.1 5.4C471.8 2 468.1 0 464 0zm-19.3 48l63.3 96h-68.4l-51.7-96h56.8zm-202.1 0h90.7l51.7 96H191l51.6-96zm-111.3 0h56.8l-51.7 96H68l63.3-96zm-43 144h51.4L208 352 88.3 192zm102.9 0h193.6L288 435.3 191.2 192zM368 352l68.2-160h51.4L368 352z\"><\/path><\/svg>\t\t\t\t\t\t\t\t\t\t\t\t<span >Consulting<\/span>\n\t\t\t<\/div>\n\t\t\t\t\t\t\t\t<\/div>\n\n\t\t\t\t\t\t<\/div>\n\t\t\t\t<\/div>\n\t\t\t\t\t<\/div>\n\t\t\t\t<\/div>\n\t\t<div class=\"elementor-element elementor-element-f773500 e-flex e-con-boxed e-con e-parent\" data-id=\"f773500\" data-element_type=\"container\" data-e-type=\"container\">\n\t\t\t\t\t<div class=\"e-con-inner\">\n\t\t\t\t<div class=\"elementor-element elementor-element-3c3e972 elementor-widget elementor-widget-ryancv-blog\" data-id=\"3c3e972\" data-element_type=\"widget\" data-e-type=\"widget\" data-widget_type=\"ryancv-blog.default\">\n\t\t\t\t<div class=\"elementor-widget-container\">\n\t\t\t\t\t\n\t\t<!-- Blog -->\n\t\t<div class=\"content works blog-grid blog blog-style-2 styled-gradient\">\n\n\t\t\t\n\t\t\t\n\t\t\t\t\t\t\t<!-- content -->\n\t\t\t\t<div class=\"row grid-items border-line-v\">\n\n\t\t\t\t\t\n\n<!-- blog item -->\n<div class=\"col col-d-6 col-t-6 col-m-12 grid-item bf-industria\">\n\t<div class=\"box-item\">\n\t\t<div id=\"post-3106\" class=\"post-3106 post type-post status-publish format-standard has-post-thumbnail hentry category-industria\">\n\t\t\t<div class=\"image\">\n\t\t\t\t<a href=\"https:\/\/tiagoremedio.com.br\/en\/2025\/12\/10\/automacao-de-busca-no-portran-ipiranga\/\">\t\t\n\t\t\t\t\t\t<a class=\"post-thumbnail\" href=\"https:\/\/tiagoremedio.com.br\/en\/2025\/12\/10\/automacao-de-busca-no-portran-ipiranga\/\" aria-hidden=\"true\" tabindex=\"-1\">\n\t\t\t\t<img fetchpriority=\"high\" decoding=\"async\" width=\"1180\" height=\"660\" src=\"https:\/\/tiagoremedio.com.br\/wp-content\/uploads\/2026\/02\/ipi-1180x660.jpg\" class=\"attachment-ryancv_590x330 size-ryancv_590x330 wp-post-image\" alt=\"Automa\u00e7\u00e3o de busca no Portran (Ipiranga)\" \/>\t\t\t\t<span class=\"info\">\n\t\t\t\t\t<span class=\"ion ion-document-text\"><\/span>\n\t\t\t\t<\/span>\n\t\t\t<\/a>\n\t\t\t\n\t\t<\/a>\n\t\t\t<\/div>\n\t\t\t<div class=\"desc\">\n\t\t\t\t\t\t\t\t\t<a href=\"https:\/\/tiagoremedio.com.br\/en\/2025\/12\/10\/automacao-de-busca-no-portran-ipiranga\/\">\n\t\t\t\t\t\t<span class=\"date\">\n\t\t\t\t\t\t\tDecember 10, 2025\t\t\t\t\t\t<\/span>\n\t\t\t\t\t<\/a>\n\t\t\t\t\n\t\t\t\t<a href=\"https:\/\/tiagoremedio.com.br\/en\/2025\/12\/10\/automacao-de-busca-no-portran-ipiranga\/\" class=\"name\">Search automation in Portran (Ipiranga)<\/a>\n\n\t\t\t\t\n\t\t\t\t\t\t\t<\/div>\n\t\t<\/div>\n\t<\/div>\n<\/div>\n\n\n<!-- blog item -->\n<div class=\"col col-d-6 col-t-6 col-m-12 grid-item bf-industria\">\n\t<div class=\"box-item\">\n\t\t<div id=\"post-3099\" class=\"post-3099 post type-post status-publish format-standard has-post-thumbnail hentry category-industria\">\n\t\t\t<div class=\"image\">\n\t\t\t\t<a href=\"https:\/\/tiagoremedio.com.br\/en\/2025\/08\/25\/visualizacao-e-dispo\/\">\t\t\n\t\t\t\t\t\t<a class=\"post-thumbnail\" href=\"https:\/\/tiagoremedio.com.br\/en\/2025\/08\/25\/visualizacao-e-dispo\/\" aria-hidden=\"true\" tabindex=\"-1\">\n\t\t\t\t<img decoding=\"async\" width=\"1180\" height=\"660\" src=\"https:\/\/tiagoremedio.com.br\/wp-content\/uploads\/2026\/02\/arm1-1180x660.jpg\" class=\"attachment-ryancv_590x330 size-ryancv_590x330 wp-post-image\" alt=\"Visualiza\u00e7\u00e3o e disponibilidade de itens estocados em armaz\u00e9m\" \/>\t\t\t\t<span class=\"info\">\n\t\t\t\t\t<span class=\"ion ion-document-text\"><\/span>\n\t\t\t\t<\/span>\n\t\t\t<\/a>\n\t\t\t\n\t\t<\/a>\n\t\t\t<\/div>\n\t\t\t<div class=\"desc\">\n\t\t\t\t\t\t\t\t\t<a href=\"https:\/\/tiagoremedio.com.br\/en\/2025\/08\/25\/visualizacao-e-dispo\/\">\n\t\t\t\t\t\t<span class=\"date\">\n\t\t\t\t\t\t\tAugust 25, 2025\t\t\t\t\t\t<\/span>\n\t\t\t\t\t<\/a>\n\t\t\t\t\n\t\t\t\t<a href=\"https:\/\/tiagoremedio.com.br\/en\/2025\/08\/25\/visualizacao-e-dispo\/\" class=\"name\">Visualization and availability of items stored in the warehouse.<\/a>\n\n\t\t\t\t\n\t\t\t\t\t\t\t<\/div>\n\t\t<\/div>\n\t<\/div>\n<\/div>\n\n\n<!-- blog item -->\n<div class=\"col col-d-6 col-t-6 col-m-12 grid-item bf-industria\">\n\t<div class=\"box-item\">\n\t\t<div id=\"post-3096\" class=\"post-3096 post type-post status-publish format-standard has-post-thumbnail hentry category-industria\">\n\t\t\t<div class=\"image\">\n\t\t\t\t<a href=\"https:\/\/tiagoremedio.com.br\/en\/2025\/08\/15\/automacao-de-recebim\/\">\t\t\n\t\t\t\t\t\t<a class=\"post-thumbnail\" href=\"https:\/\/tiagoremedio.com.br\/en\/2025\/08\/15\/automacao-de-recebim\/\" aria-hidden=\"true\" tabindex=\"-1\">\n\t\t\t\t<img decoding=\"async\" width=\"1180\" height=\"660\" src=\"https:\/\/tiagoremedio.com.br\/wp-content\/uploads\/2026\/02\/canhotos-1180x660.jpg\" class=\"attachment-ryancv_590x330 size-ryancv_590x330 wp-post-image\" alt=\"Automa\u00e7\u00e3o de recebimento e reposit\u00f3rio de canhotos\" \/>\t\t\t\t<span class=\"info\">\n\t\t\t\t\t<span class=\"ion ion-document-text\"><\/span>\n\t\t\t\t<\/span>\n\t\t\t<\/a>\n\t\t\t\n\t\t<\/a>\n\t\t\t<\/div>\n\t\t\t<div class=\"desc\">\n\t\t\t\t\t\t\t\t\t<a href=\"https:\/\/tiagoremedio.com.br\/en\/2025\/08\/15\/automacao-de-recebim\/\">\n\t\t\t\t\t\t<span class=\"date\">\n\t\t\t\t\t\t\tAugust 15, 2025\t\t\t\t\t\t<\/span>\n\t\t\t\t\t<\/a>\n\t\t\t\t\n\t\t\t\t<a href=\"https:\/\/tiagoremedio.com.br\/en\/2025\/08\/15\/automacao-de-recebim\/\" class=\"name\">Automated receipt and stub repository system<\/a>\n\n\t\t\t\t\n\t\t\t\t\t\t\t<\/div>\n\t\t<\/div>\n\t<\/div>\n<\/div>\n\n\n<!-- blog item -->\n<div class=\"col col-d-6 col-t-6 col-m-12 grid-item bf-dispositivos-e-aplicativos bf-diversos bf-industria\">\n\t<div class=\"box-item\">\n\t\t<div id=\"post-3087\" class=\"post-3087 post type-post status-publish format-standard has-post-thumbnail hentry category-dispositivos-e-aplicativos category-diversos category-industria\">\n\t\t\t<div class=\"image\">\n\t\t\t\t<a href=\"https:\/\/tiagoremedio.com.br\/en\/2025\/07\/12\/eco-do-tempo\/\">\t\t\n\t\t\t\t\t\t<a class=\"post-thumbnail\" href=\"https:\/\/tiagoremedio.com.br\/en\/2025\/07\/12\/eco-do-tempo\/\" aria-hidden=\"true\" tabindex=\"-1\">\n\t\t\t\t<img loading=\"lazy\" decoding=\"async\" width=\"1150\" height=\"660\" src=\"https:\/\/tiagoremedio.com.br\/wp-content\/uploads\/2026\/02\/eco_1-e1770032510777-1150x660.jpg\" class=\"attachment-ryancv_590x330 size-ryancv_590x330 wp-post-image\" alt=\"Eco do Tempo\" \/>\t\t\t\t<span class=\"info\">\n\t\t\t\t\t<span class=\"ion ion-document-text\"><\/span>\n\t\t\t\t<\/span>\n\t\t\t<\/a>\n\t\t\t\n\t\t<\/a>\n\t\t\t<\/div>\n\t\t\t<div class=\"desc\">\n\t\t\t\t\t\t\t\t\t<a href=\"https:\/\/tiagoremedio.com.br\/en\/2025\/07\/12\/eco-do-tempo\/\">\n\t\t\t\t\t\t<span class=\"date\">\n\t\t\t\t\t\t\tJuly 12, 2025\t\t\t\t\t\t<\/span>\n\t\t\t\t\t<\/a>\n\t\t\t\t\n\t\t\t\t<a href=\"https:\/\/tiagoremedio.com.br\/en\/2025\/07\/12\/eco-do-tempo\/\" class=\"name\">Eco do Tempo<\/a>\n\n\t\t\t\t\n\t\t\t\t\t\t\t<\/div>\n\t\t<\/div>\n\t<\/div>\n<\/div>\n\n\n<!-- blog item -->\n<div class=\"col col-d-6 col-t-6 col-m-12 grid-item bf-industria\">\n\t<div class=\"box-item\">\n\t\t<div id=\"post-638\" class=\"post-638 post type-post status-publish format-standard has-post-thumbnail hentry category-industria\">\n\t\t\t<div class=\"image\">\n\t\t\t\t<a href=\"https:\/\/tiagoremedio.com.br\/en\/2023\/07\/04\/axpr-oficina-informada\/\">\t\t\n\t\t\t\t\t\t<a class=\"post-thumbnail\" href=\"https:\/\/tiagoremedio.com.br\/en\/2023\/07\/04\/axpr-oficina-informada\/\" aria-hidden=\"true\" tabindex=\"-1\">\n\t\t\t\t<img loading=\"lazy\" decoding=\"async\" width=\"1024\" height=\"576\" src=\"https:\/\/tiagoremedio.com.br\/wp-content\/uploads\/2024\/01\/1.png\" class=\"attachment-ryancv_590x330 size-ryancv_590x330 wp-post-image\" alt=\"AXPR Oficina Informada\" srcset=\"https:\/\/tiagoremedio.com.br\/wp-content\/uploads\/2024\/01\/1.png 1024w, https:\/\/tiagoremedio.com.br\/wp-content\/uploads\/2024\/01\/1-300x169.png 300w, https:\/\/tiagoremedio.com.br\/wp-content\/uploads\/2024\/01\/1-768x432.png 768w, https:\/\/tiagoremedio.com.br\/wp-content\/uploads\/2024\/01\/1-850x478.png 850w, https:\/\/tiagoremedio.com.br\/wp-content\/uploads\/2024\/01\/1-480x270.png 480w\" sizes=\"(max-width: 1024px) 100vw, 1024px\" \/>\t\t\t\t<span class=\"info\">\n\t\t\t\t\t<span class=\"ion ion-document-text\"><\/span>\n\t\t\t\t<\/span>\n\t\t\t<\/a>\n\t\t\t\n\t\t<\/a>\n\t\t\t<\/div>\n\t\t\t<div class=\"desc\">\n\t\t\t\t\t\t\t\t\t<a href=\"https:\/\/tiagoremedio.com.br\/en\/2023\/07\/04\/axpr-oficina-informada\/\">\n\t\t\t\t\t\t<span class=\"date\">\n\t\t\t\t\t\t\tJuly 4, 2023\t\t\t\t\t\t<\/span>\n\t\t\t\t\t<\/a>\n\t\t\t\t\n\t\t\t\t<a href=\"https:\/\/tiagoremedio.com.br\/en\/2023\/07\/04\/axpr-oficina-informada\/\" class=\"name\">AXPR Informed Workshop<\/a>\n\n\t\t\t\t\n\t\t\t\t\t\t\t<\/div>\n\t\t<\/div>\n\t<\/div>\n<\/div>\n\n\n<!-- blog item -->\n<div class=\"col col-d-6 col-t-6 col-m-12 grid-item bf-industria\">\n\t<div class=\"box-item\">\n\t\t<div id=\"post-632\" class=\"post-632 post type-post status-publish format-standard has-post-thumbnail hentry category-industria\">\n\t\t\t<div class=\"image\">\n\t\t\t\t<a href=\"https:\/\/tiagoremedio.com.br\/en\/2022\/06\/07\/axpr-lojinha\/\">\t\t\n\t\t\t\t\t\t<a class=\"post-thumbnail\" href=\"https:\/\/tiagoremedio.com.br\/en\/2022\/06\/07\/axpr-lojinha\/\" aria-hidden=\"true\" tabindex=\"-1\">\n\t\t\t\t<img loading=\"lazy\" decoding=\"async\" width=\"880\" height=\"660\" src=\"https:\/\/tiagoremedio.com.br\/wp-content\/uploads\/2024\/01\/1-4.jpeg\" class=\"attachment-ryancv_590x330 size-ryancv_590x330 wp-post-image\" alt=\"AXPR Lojinha\" srcset=\"https:\/\/tiagoremedio.com.br\/wp-content\/uploads\/2024\/01\/1-4.jpeg 1024w, https:\/\/tiagoremedio.com.br\/wp-content\/uploads\/2024\/01\/1-4-300x225.jpeg 300w, https:\/\/tiagoremedio.com.br\/wp-content\/uploads\/2024\/01\/1-4-768x576.jpeg 768w, https:\/\/tiagoremedio.com.br\/wp-content\/uploads\/2024\/01\/1-4-850x638.jpeg 850w, https:\/\/tiagoremedio.com.br\/wp-content\/uploads\/2024\/01\/1-4-480x360.jpeg 480w\" sizes=\"(max-width: 880px) 100vw, 880px\" \/>\t\t\t\t<span class=\"info\">\n\t\t\t\t\t<span class=\"ion ion-document-text\"><\/span>\n\t\t\t\t<\/span>\n\t\t\t<\/a>\n\t\t\t\n\t\t<\/a>\n\t\t\t<\/div>\n\t\t\t<div class=\"desc\">\n\t\t\t\t\t\t\t\t\t<a href=\"https:\/\/tiagoremedio.com.br\/en\/2022\/06\/07\/axpr-lojinha\/\">\n\t\t\t\t\t\t<span class=\"date\">\n\t\t\t\t\t\t\tJune 7, 2022\t\t\t\t\t\t<\/span>\n\t\t\t\t\t<\/a>\n\t\t\t\t\n\t\t\t\t<a href=\"https:\/\/tiagoremedio.com.br\/en\/2022\/06\/07\/axpr-lojinha\/\" class=\"name\">AXPR Little Shop<\/a>\n\n\t\t\t\t\n\t\t\t\t\t\t\t<\/div>\n\t\t<\/div>\n\t<\/div>\n<\/div>\n\n\n<!-- blog item -->\n<div class=\"col col-d-6 col-t-6 col-m-12 grid-item bf-industria\">\n\t<div class=\"box-item\">\n\t\t<div id=\"post-626\" class=\"post-626 post type-post status-publish format-standard has-post-thumbnail hentry category-industria\">\n\t\t\t<div class=\"image\">\n\t\t\t\t<a href=\"https:\/\/tiagoremedio.com.br\/en\/2022\/01\/05\/axpr-alexandria\/\">\t\t\n\t\t\t\t\t\t<a class=\"post-thumbnail\" href=\"https:\/\/tiagoremedio.com.br\/en\/2022\/01\/05\/axpr-alexandria\/\" aria-hidden=\"true\" tabindex=\"-1\">\n\t\t\t\t<img loading=\"lazy\" decoding=\"async\" width=\"880\" height=\"660\" src=\"https:\/\/tiagoremedio.com.br\/wp-content\/uploads\/2024\/01\/1-2.jpeg\" class=\"attachment-ryancv_590x330 size-ryancv_590x330 wp-post-image\" alt=\"AXPR Alexandria\" srcset=\"https:\/\/tiagoremedio.com.br\/wp-content\/uploads\/2024\/01\/1-2.jpeg 1024w, https:\/\/tiagoremedio.com.br\/wp-content\/uploads\/2024\/01\/1-2-300x225.jpeg 300w, https:\/\/tiagoremedio.com.br\/wp-content\/uploads\/2024\/01\/1-2-768x576.jpeg 768w, https:\/\/tiagoremedio.com.br\/wp-content\/uploads\/2024\/01\/1-2-850x638.jpeg 850w, https:\/\/tiagoremedio.com.br\/wp-content\/uploads\/2024\/01\/1-2-480x360.jpeg 480w\" sizes=\"(max-width: 880px) 100vw, 880px\" \/>\t\t\t\t<span class=\"info\">\n\t\t\t\t\t<span class=\"ion ion-document-text\"><\/span>\n\t\t\t\t<\/span>\n\t\t\t<\/a>\n\t\t\t\n\t\t<\/a>\n\t\t\t<\/div>\n\t\t\t<div class=\"desc\">\n\t\t\t\t\t\t\t\t\t<a href=\"https:\/\/tiagoremedio.com.br\/en\/2022\/01\/05\/axpr-alexandria\/\">\n\t\t\t\t\t\t<span class=\"date\">\n\t\t\t\t\t\t\tJanuary 5, 2022\t\t\t\t\t\t<\/span>\n\t\t\t\t\t<\/a>\n\t\t\t\t\n\t\t\t\t<a href=\"https:\/\/tiagoremedio.com.br\/en\/2022\/01\/05\/axpr-alexandria\/\" class=\"name\">AXPR Alexandria<\/a>\n\n\t\t\t\t\n\t\t\t\t\t\t\t<\/div>\n\t\t<\/div>\n\t<\/div>\n<\/div>\n\n\n<!-- blog item -->\n<div class=\"col col-d-6 col-t-6 col-m-12 grid-item bf-industria\">\n\t<div class=\"box-item\">\n\t\t<div id=\"post-68\" class=\"post-68 post type-post status-publish format-standard has-post-thumbnail hentry category-industria\">\n\t\t\t<div class=\"image\">\n\t\t\t\t<a href=\"https:\/\/tiagoremedio.com.br\/en\/2017\/01\/04\/naval-valvulas-analises\/\">\t\t\n\t\t\t\t\t\t<a class=\"post-thumbnail\" href=\"https:\/\/tiagoremedio.com.br\/en\/2017\/01\/04\/naval-valvulas-analises\/\" aria-hidden=\"true\" tabindex=\"-1\">\n\t\t\t\t<img loading=\"lazy\" decoding=\"async\" width=\"488\" height=\"660\" src=\"https:\/\/tiagoremedio.com.br\/wp-content\/uploads\/2019\/04\/Interface.png\" class=\"attachment-ryancv_590x330 size-ryancv_590x330 wp-post-image\" alt=\"Naval V\u00e1lvulas &#8211; An\u00e1lises\" srcset=\"https:\/\/tiagoremedio.com.br\/wp-content\/uploads\/2019\/04\/Interface.png 656w, https:\/\/tiagoremedio.com.br\/wp-content\/uploads\/2019\/04\/Interface-300x406.png 300w, https:\/\/tiagoremedio.com.br\/wp-content\/uploads\/2019\/04\/Interface-222x300.png 222w\" sizes=\"(max-width: 488px) 100vw, 488px\" \/>\t\t\t\t<span class=\"info\">\n\t\t\t\t\t<span class=\"ion ion-document-text\"><\/span>\n\t\t\t\t<\/span>\n\t\t\t<\/a>\n\t\t\t\n\t\t<\/a>\n\t\t\t<\/div>\n\t\t\t<div class=\"desc\">\n\t\t\t\t\t\t\t\t\t<a href=\"https:\/\/tiagoremedio.com.br\/en\/2017\/01\/04\/naval-valvulas-analises\/\">\n\t\t\t\t\t\t<span class=\"date\">\n\t\t\t\t\t\t\tJanuary 4, 2017\t\t\t\t\t\t<\/span>\n\t\t\t\t\t<\/a>\n\t\t\t\t\n\t\t\t\t<a href=\"https:\/\/tiagoremedio.com.br\/en\/2017\/01\/04\/naval-valvulas-analises\/\" class=\"name\">Naval V\u00e1lvulas \u2013 Analysis<\/a>\n\n\t\t\t\t\n\t\t\t\t\t\t\t<\/div>\n\t\t<\/div>\n\t<\/div>\n<\/div>\n\n\t\t\t\t\t<div class=\"clear\"><\/div>\n\t\t\t\t<\/div>\n\n\t\t\t\t\t\t\t\t<div class=\"pager\">\n\t\t\t\t\t<nav class=\"navigation pagination\" role=\"navigation\">\n\t\t\t\t\t\t<div class=\"nav-links\">\n\n\t\t\t\t\t\t<span aria-label=\"Page 1\" aria-current=\"page\" class=\"page-numbers current\" data-no-translation-aria-label=\"\">1<\/span>\n<a aria-label=\"Page 2\" class=\"page-numbers\" href=\"https:\/\/tiagoremedio.com.br\/en\/wp-json\/wp\/v2\/pages\/3053\/page\/2\/#consultoria\" data-no-translation-aria-label=\"\">2<\/a>\n<a class=\"next page-numbers\" href=\"https:\/\/tiagoremedio.com.br\/en\/wp-json\/wp\/v2\/pages\/3053\/page\/2\/#consultoria\">Next<\/a>\n\t\t\t\t\t\t<\/div>\n\t\t\t\t\t<\/nav>\n\t\t\t\t<\/div>\n\t\t\t\t\n\t\t\t\t\n\t\t\t\t\n\t\t\t\n\t\t\t\t\t<\/div>\n\n\t\t\t\t\t\t<\/div>\n\t\t\t\t<\/div>\n\t\t\t\t\t<\/div>\n\t\t\t\t<\/div>\n\t\t\t\t<\/div>","protected":false},"excerpt":{"rendered":"<p>Consultoria de TI Consultoria de TI \u00e9 um servi\u00e7o especializado que apoia empresas no uso estrat\u00e9gico da tecnologia para melhorar&#8230;<\/p>","protected":false},"author":1,"featured_media":0,"parent":0,"menu_order":0,"comment_status":"closed","ping_status":"closed","template":"template-elementor-builder.php","meta":{"_acf_changed":false,"footnotes":""},"class_list":["post-3053","page","type-page","status-publish","hentry"],"acf":[],"_links":{"self":[{"href":"https:\/\/tiagoremedio.com.br\/en\/wp-json\/wp\/v2\/pages\/3053","targetHints":{"allow":["GET"]}}],"collection":[{"href":"https:\/\/tiagoremedio.com.br\/en\/wp-json\/wp\/v2\/pages"}],"about":[{"href":"https:\/\/tiagoremedio.com.br\/en\/wp-json\/wp\/v2\/types\/page"}],"author":[{"embeddable":true,"href":"https:\/\/tiagoremedio.com.br\/en\/wp-json\/wp\/v2\/users\/1"}],"replies":[{"embeddable":true,"href":"https:\/\/tiagoremedio.com.br\/en\/wp-json\/wp\/v2\/comments?post=3053"}],"version-history":[{"count":19,"href":"https:\/\/tiagoremedio.com.br\/en\/wp-json\/wp\/v2\/pages\/3053\/revisions"}],"predecessor-version":[{"id":3135,"href":"https:\/\/tiagoremedio.com.br\/en\/wp-json\/wp\/v2\/pages\/3053\/revisions\/3135"}],"wp:attachment":[{"href":"https:\/\/tiagoremedio.com.br\/en\/wp-json\/wp\/v2\/media?parent=3053"}],"curies":[{"name":"wp","href":"https:\/\/api.w.org\/{rel}","templated":true}]}}