{"id":2633,"date":"2020-04-28T15:14:00","date_gmt":"2020-04-28T15:14:00","guid":{"rendered":"https:\/\/ryancv-demo.bslthemes.com\/?page_id=46"},"modified":"2026-02-02T11:51:25","modified_gmt":"2026-02-02T11:51:25","slug":"works","status":"publish","type":"page","link":"https:\/\/tiagoremedio.com.br\/en\/works\/","title":{"rendered":"Works"},"content":{"rendered":"<div data-elementor-type=\"wp-page\" data-elementor-id=\"2633\" class=\"elementor elementor-2633\">\n\t\t\t\t\t\t<section class=\"elementor-section elementor-top-section elementor-element elementor-element-ac1d9e3 elementor-section-full_width elementor-section-height-default elementor-section-height-default\" data-id=\"ac1d9e3\" data-element_type=\"section\" data-e-type=\"section\">\n\t\t\t\t\t\t<div class=\"elementor-container elementor-column-gap-custom\">\n\t\t\t\t\t<div class=\"elementor-column elementor-col-100 elementor-top-column elementor-element elementor-element-4b380a8\" data-id=\"4b380a8\" data-element_type=\"column\" data-e-type=\"column\">\n\t\t\t<div class=\"elementor-widget-wrap elementor-element-populated\">\n\t\t\t\t\t\t<div class=\"elementor-element elementor-element-c76d9fe elementor-widget elementor-widget-ryancv-heading-two\" data-id=\"c76d9fe\" data-element_type=\"widget\" data-e-type=\"widget\" data-widget_type=\"ryancv-heading-two.default\">\n\t\t\t\t<div class=\"elementor-widget-container\">\n\t\t\t\t\t\n\t\t<!-- Heading -->\n\t\t<div class=\"ar-sec-head\">\n\t\t\t\t\t\t<!-- subtitle -->\n\t\t\t<div class=\"ar-sub-title-icon\">\n\t\t\t\t\t\t\t\t\t\t\t\t<svg aria-hidden=\"true\" class=\"e-font-icon-svg e-fas-briefcase\" viewbox=\"0 0 512 512\" xmlns=\"http:\/\/www.w3.org\/2000\/svg\"><path d=\"M320 336c0 8.84-7.16 16-16 16h-96c-8.84 0-16-7.16-16-16v-48H0v144c0 25.6 22.4 48 48 48h416c25.6 0 48-22.4 48-48V288H320v48zm144-208h-80V80c0-25.6-22.4-48-48-48H176c-25.6 0-48 22.4-48 48v48H48c-25.6 0-48 22.4-48 48v80h512v-80c0-25.6-22.4-48-48-48zm-144 0H192V96h128v32z\"><\/path><\/svg>\t\t\t\t\t\t\t\t\t\t\t\t<span >Projects<\/span>\n\t\t\t<\/div>\n\t\t\t\t\t\t\t\t<\/div>\n\n\t\t\t\t\t\t<\/div>\n\t\t\t\t<\/div>\n\t\t\t\t\t<\/div>\n\t\t<\/div>\n\t\t\t\t\t<\/div>\n\t\t<\/section>\n\t\t<div class=\"elementor-element elementor-element-cb7877c e-flex e-con-boxed e-con e-parent\" data-id=\"cb7877c\" data-element_type=\"container\" data-e-type=\"container\">\n\t\t\t\t\t<div class=\"e-con-inner\">\n\t\t\t\t<div class=\"elementor-element elementor-element-c8d1d41 elementor-widget elementor-widget-ryancv-blog\" data-id=\"c8d1d41\" data-element_type=\"widget\" data-e-type=\"widget\" data-widget_type=\"ryancv-blog.default\">\n\t\t\t\t<div class=\"elementor-widget-container\">\n\t\t\t\t\t\n\t\t<!-- Blog -->\n\t\t<div class=\"content works blog-grid blog blog-style-2 styled-gradient styled-gradient-border\">\n\n\t\t\t\n\t\t\t\n\t\t\t\t\t\t\t<!-- content -->\n\t\t\t\t<div class=\"row grid-items border-line-v\">\n\n\t\t\t\t\t\n\n<!-- blog item -->\n<div class=\"col col-d-6 col-t-6 col-m-12 grid-item bf-industria\">\n\t<div class=\"box-item\">\n\t\t<div id=\"post-3106\" class=\"post-3106 post type-post status-publish format-standard has-post-thumbnail hentry category-industria\">\n\t\t\t<div class=\"image\">\n\t\t\t\t<a href=\"https:\/\/tiagoremedio.com.br\/en\/2025\/12\/10\/automacao-de-busca-no-portran-ipiranga\/\">\t\t\n\t\t\t\t\t\t<a class=\"post-thumbnail\" href=\"https:\/\/tiagoremedio.com.br\/en\/2025\/12\/10\/automacao-de-busca-no-portran-ipiranga\/\" aria-hidden=\"true\" tabindex=\"-1\">\n\t\t\t\t<img fetchpriority=\"high\" decoding=\"async\" width=\"1180\" height=\"660\" src=\"https:\/\/tiagoremedio.com.br\/wp-content\/uploads\/2026\/02\/ipi-1180x660.jpg\" class=\"attachment-ryancv_590x330 size-ryancv_590x330 wp-post-image\" alt=\"Automa\u00e7\u00e3o de busca no Portran (Ipiranga)\" \/>\t\t\t\t<span class=\"info\">\n\t\t\t\t\t<span class=\"ion ion-document-text\"><\/span>\n\t\t\t\t<\/span>\n\t\t\t<\/a>\n\t\t\t\n\t\t<\/a>\n\t\t\t<\/div>\n\t\t\t<div class=\"desc\">\n\t\t\t\t\t\t\t\t\t<a href=\"https:\/\/tiagoremedio.com.br\/en\/2025\/12\/10\/automacao-de-busca-no-portran-ipiranga\/\">\n\t\t\t\t\t\t<span class=\"date\">\n\t\t\t\t\t\t\tDecember 10, 2025\t\t\t\t\t\t<\/span>\n\t\t\t\t\t<\/a>\n\t\t\t\t\n\t\t\t\t<a href=\"https:\/\/tiagoremedio.com.br\/en\/2025\/12\/10\/automacao-de-busca-no-portran-ipiranga\/\" class=\"name\">Search automation in Portran (Ipiranga)<\/a>\n\n\t\t\t\t\n\t\t\t\t\t\t\t<\/div>\n\t\t<\/div>\n\t<\/div>\n<\/div>\n\n\n<!-- blog item -->\n<div class=\"col col-d-6 col-t-6 col-m-12 grid-item bf-industria\">\n\t<div class=\"box-item\">\n\t\t<div id=\"post-3099\" class=\"post-3099 post type-post status-publish format-standard has-post-thumbnail hentry category-industria\">\n\t\t\t<div class=\"image\">\n\t\t\t\t<a href=\"https:\/\/tiagoremedio.com.br\/en\/2025\/08\/25\/visualizacao-e-dispo\/\">\t\t\n\t\t\t\t\t\t<a class=\"post-thumbnail\" href=\"https:\/\/tiagoremedio.com.br\/en\/2025\/08\/25\/visualizacao-e-dispo\/\" aria-hidden=\"true\" tabindex=\"-1\">\n\t\t\t\t<img decoding=\"async\" width=\"1180\" height=\"660\" src=\"https:\/\/tiagoremedio.com.br\/wp-content\/uploads\/2026\/02\/arm1-1180x660.jpg\" class=\"attachment-ryancv_590x330 size-ryancv_590x330 wp-post-image\" alt=\"Visualiza\u00e7\u00e3o e disponibilidade de itens estocados em armaz\u00e9m\" \/>\t\t\t\t<span class=\"info\">\n\t\t\t\t\t<span class=\"ion ion-document-text\"><\/span>\n\t\t\t\t<\/span>\n\t\t\t<\/a>\n\t\t\t\n\t\t<\/a>\n\t\t\t<\/div>\n\t\t\t<div class=\"desc\">\n\t\t\t\t\t\t\t\t\t<a href=\"https:\/\/tiagoremedio.com.br\/en\/2025\/08\/25\/visualizacao-e-dispo\/\">\n\t\t\t\t\t\t<span class=\"date\">\n\t\t\t\t\t\t\tAugust 25, 2025\t\t\t\t\t\t<\/span>\n\t\t\t\t\t<\/a>\n\t\t\t\t\n\t\t\t\t<a href=\"https:\/\/tiagoremedio.com.br\/en\/2025\/08\/25\/visualizacao-e-dispo\/\" class=\"name\">Visualization and availability of items stored in the warehouse.<\/a>\n\n\t\t\t\t\n\t\t\t\t\t\t\t<\/div>\n\t\t<\/div>\n\t<\/div>\n<\/div>\n\n\n<!-- blog item -->\n<div class=\"col col-d-6 col-t-6 col-m-12 grid-item bf-industria\">\n\t<div class=\"box-item\">\n\t\t<div id=\"post-3096\" class=\"post-3096 post type-post status-publish format-standard has-post-thumbnail hentry category-industria\">\n\t\t\t<div class=\"image\">\n\t\t\t\t<a href=\"https:\/\/tiagoremedio.com.br\/en\/2025\/08\/15\/automacao-de-recebim\/\">\t\t\n\t\t\t\t\t\t<a class=\"post-thumbnail\" href=\"https:\/\/tiagoremedio.com.br\/en\/2025\/08\/15\/automacao-de-recebim\/\" aria-hidden=\"true\" tabindex=\"-1\">\n\t\t\t\t<img decoding=\"async\" width=\"1180\" height=\"660\" src=\"https:\/\/tiagoremedio.com.br\/wp-content\/uploads\/2026\/02\/canhotos-1180x660.jpg\" class=\"attachment-ryancv_590x330 size-ryancv_590x330 wp-post-image\" alt=\"Automa\u00e7\u00e3o de recebimento e reposit\u00f3rio de canhotos\" \/>\t\t\t\t<span class=\"info\">\n\t\t\t\t\t<span class=\"ion ion-document-text\"><\/span>\n\t\t\t\t<\/span>\n\t\t\t<\/a>\n\t\t\t\n\t\t<\/a>\n\t\t\t<\/div>\n\t\t\t<div class=\"desc\">\n\t\t\t\t\t\t\t\t\t<a href=\"https:\/\/tiagoremedio.com.br\/en\/2025\/08\/15\/automacao-de-recebim\/\">\n\t\t\t\t\t\t<span class=\"date\">\n\t\t\t\t\t\t\tAugust 15, 2025\t\t\t\t\t\t<\/span>\n\t\t\t\t\t<\/a>\n\t\t\t\t\n\t\t\t\t<a href=\"https:\/\/tiagoremedio.com.br\/en\/2025\/08\/15\/automacao-de-recebim\/\" class=\"name\">Automated receipt and stub repository system<\/a>\n\n\t\t\t\t\n\t\t\t\t\t\t\t<\/div>\n\t\t<\/div>\n\t<\/div>\n<\/div>\n\n\n<!-- blog item -->\n<div class=\"col col-d-6 col-t-6 col-m-12 grid-item bf-dispositivos-e-aplicativos bf-diversos bf-industria\">\n\t<div class=\"box-item\">\n\t\t<div id=\"post-3087\" class=\"post-3087 post type-post status-publish format-standard has-post-thumbnail hentry category-dispositivos-e-aplicativos category-diversos category-industria\">\n\t\t\t<div class=\"image\">\n\t\t\t\t<a href=\"https:\/\/tiagoremedio.com.br\/en\/2025\/07\/12\/eco-do-tempo\/\">\t\t\n\t\t\t\t\t\t<a class=\"post-thumbnail\" href=\"https:\/\/tiagoremedio.com.br\/en\/2025\/07\/12\/eco-do-tempo\/\" aria-hidden=\"true\" tabindex=\"-1\">\n\t\t\t\t<img loading=\"lazy\" decoding=\"async\" width=\"1150\" height=\"660\" src=\"https:\/\/tiagoremedio.com.br\/wp-content\/uploads\/2026\/02\/eco_1-e1770032510777-1150x660.jpg\" class=\"attachment-ryancv_590x330 size-ryancv_590x330 wp-post-image\" alt=\"Eco do Tempo\" \/>\t\t\t\t<span class=\"info\">\n\t\t\t\t\t<span class=\"ion ion-document-text\"><\/span>\n\t\t\t\t<\/span>\n\t\t\t<\/a>\n\t\t\t\n\t\t<\/a>\n\t\t\t<\/div>\n\t\t\t<div class=\"desc\">\n\t\t\t\t\t\t\t\t\t<a href=\"https:\/\/tiagoremedio.com.br\/en\/2025\/07\/12\/eco-do-tempo\/\">\n\t\t\t\t\t\t<span class=\"date\">\n\t\t\t\t\t\t\tJuly 12, 2025\t\t\t\t\t\t<\/span>\n\t\t\t\t\t<\/a>\n\t\t\t\t\n\t\t\t\t<a href=\"https:\/\/tiagoremedio.com.br\/en\/2025\/07\/12\/eco-do-tempo\/\" class=\"name\">Eco do Tempo<\/a>\n\n\t\t\t\t\n\t\t\t\t\t\t\t<\/div>\n\t\t<\/div>\n\t<\/div>\n<\/div>\n\n\n<!-- blog item -->\n<div class=\"col col-d-6 col-t-6 col-m-12 grid-item bf-jogos\">\n\t<div class=\"box-item\">\n\t\t<div id=\"post-2896\" class=\"post-2896 post type-post status-publish format-standard has-post-thumbnail hentry category-jogos\">\n\t\t\t<div class=\"image\">\n\t\t\t\t<a href=\"https:\/\/tiagoremedio.com.br\/en\/2024\/10\/24\/flappy-15a-semana-da-engenharia-fho\/\">\t\t\n\t\t\t\t\t\t<a class=\"post-thumbnail\" href=\"https:\/\/tiagoremedio.com.br\/en\/2024\/10\/24\/flappy-15a-semana-da-engenharia-fho\/\" aria-hidden=\"true\" tabindex=\"-1\">\n\t\t\t\t<img loading=\"lazy\" decoding=\"async\" width=\"499\" height=\"660\" src=\"https:\/\/tiagoremedio.com.br\/wp-content\/uploads\/2024\/10\/SS-01-499x660.png\" class=\"attachment-ryancv_590x330 size-ryancv_590x330 wp-post-image\" alt=\"Flappy (15\u00aa Semana da Engenharia FHO)\" \/>\t\t\t\t<span class=\"info\">\n\t\t\t\t\t<span class=\"ion ion-document-text\"><\/span>\n\t\t\t\t<\/span>\n\t\t\t<\/a>\n\t\t\t\n\t\t<\/a>\n\t\t\t<\/div>\n\t\t\t<div class=\"desc\">\n\t\t\t\t\t\t\t\t\t<a href=\"https:\/\/tiagoremedio.com.br\/en\/2024\/10\/24\/flappy-15a-semana-da-engenharia-fho\/\">\n\t\t\t\t\t\t<span class=\"date\">\n\t\t\t\t\t\t\tOctober 24, 2024\t\t\t\t\t\t<\/span>\n\t\t\t\t\t<\/a>\n\t\t\t\t\n\t\t\t\t<a href=\"https:\/\/tiagoremedio.com.br\/en\/2024\/10\/24\/flappy-15a-semana-da-engenharia-fho\/\" class=\"name\">Flappy (15th FHO Engineering Week)<\/a>\n\n\t\t\t\t\n\t\t\t\t\t\t\t<\/div>\n\t\t<\/div>\n\t<\/div>\n<\/div>\n\n\n<!-- blog item -->\n<div class=\"col col-d-6 col-t-6 col-m-12 grid-item bf-ensino\">\n\t<div class=\"box-item\">\n\t\t<div id=\"post-2904\" class=\"post-2904 post type-post status-publish format-standard has-post-thumbnail hentry category-ensino\">\n\t\t\t<div class=\"image\">\n\t\t\t\t<a href=\"https:\/\/tiagoremedio.com.br\/en\/2024\/08\/13\/test-my-stack\/\">\t\t\n\t\t\t\t\t\t<a class=\"post-thumbnail\" href=\"https:\/\/tiagoremedio.com.br\/en\/2024\/08\/13\/test-my-stack\/\" aria-hidden=\"true\" tabindex=\"-1\">\n\t\t\t\t<img loading=\"lazy\" decoding=\"async\" width=\"1180\" height=\"660\" src=\"https:\/\/tiagoremedio.com.br\/wp-content\/uploads\/2024\/10\/SS-01-1-1180x660.png\" class=\"attachment-ryancv_590x330 size-ryancv_590x330 wp-post-image\" alt=\"Test My Stack\" srcset=\"https:\/\/tiagoremedio.com.br\/wp-content\/uploads\/2024\/10\/SS-01-1-1180x660.png 1180w, https:\/\/tiagoremedio.com.br\/wp-content\/uploads\/2024\/10\/SS-01-1-300x169.png 300w, https:\/\/tiagoremedio.com.br\/wp-content\/uploads\/2024\/10\/SS-01-1-18x10.png 18w, https:\/\/tiagoremedio.com.br\/wp-content\/uploads\/2024\/10\/SS-01-1-184x103.png 184w\" sizes=\"(max-width: 1180px) 100vw, 1180px\" \/>\t\t\t\t<span class=\"info\">\n\t\t\t\t\t<span class=\"ion ion-document-text\"><\/span>\n\t\t\t\t<\/span>\n\t\t\t<\/a>\n\t\t\t\n\t\t<\/a>\n\t\t\t<\/div>\n\t\t\t<div class=\"desc\">\n\t\t\t\t\t\t\t\t\t<a href=\"https:\/\/tiagoremedio.com.br\/en\/2024\/08\/13\/test-my-stack\/\">\n\t\t\t\t\t\t<span class=\"date\">\n\t\t\t\t\t\t\tAugust 13, 2024\t\t\t\t\t\t<\/span>\n\t\t\t\t\t<\/a>\n\t\t\t\t\n\t\t\t\t<a href=\"https:\/\/tiagoremedio.com.br\/en\/2024\/08\/13\/test-my-stack\/\" class=\"name\">Test My Stack<\/a>\n\n\t\t\t\t\n\t\t\t\t\t\t\t<\/div>\n\t\t<\/div>\n\t<\/div>\n<\/div>\n\n\n<!-- blog item -->\n<div class=\"col col-d-6 col-t-6 col-m-12 grid-item bf-arvr\">\n\t<div class=\"box-item\">\n\t\t<div id=\"post-644\" class=\"post-644 post type-post status-publish format-standard has-post-thumbnail hentry category-arvr\">\n\t\t\t<div class=\"image\">\n\t\t\t\t<a href=\"https:\/\/tiagoremedio.com.br\/en\/2024\/01\/02\/axpr-ar-valves\/\">\t\t\n\t\t\t\t\t\t<a class=\"post-thumbnail\" href=\"https:\/\/tiagoremedio.com.br\/en\/2024\/01\/02\/axpr-ar-valves\/\" aria-hidden=\"true\" tabindex=\"-1\">\n\t\t\t\t<img loading=\"lazy\" decoding=\"async\" width=\"990\" height=\"660\" src=\"https:\/\/tiagoremedio.com.br\/wp-content\/uploads\/2024\/01\/Imagem7-scaled.jpg\" class=\"attachment-ryancv_590x330 size-ryancv_590x330 wp-post-image\" alt=\"AXPR AR Valves\" srcset=\"https:\/\/tiagoremedio.com.br\/wp-content\/uploads\/2024\/01\/Imagem7-scaled.jpg 2560w, https:\/\/tiagoremedio.com.br\/wp-content\/uploads\/2024\/01\/Imagem7-300x200.jpg 300w, https:\/\/tiagoremedio.com.br\/wp-content\/uploads\/2024\/01\/Imagem7-1024x683.jpg 1024w, https:\/\/tiagoremedio.com.br\/wp-content\/uploads\/2024\/01\/Imagem7-768x512.jpg 768w, https:\/\/tiagoremedio.com.br\/wp-content\/uploads\/2024\/01\/Imagem7-1536x1024.jpg 1536w, https:\/\/tiagoremedio.com.br\/wp-content\/uploads\/2024\/01\/Imagem7-2048x1366.jpg 2048w, https:\/\/tiagoremedio.com.br\/wp-content\/uploads\/2024\/01\/Imagem7-1200x800.jpg 1200w, https:\/\/tiagoremedio.com.br\/wp-content\/uploads\/2024\/01\/Imagem7-850x567.jpg 850w, https:\/\/tiagoremedio.com.br\/wp-content\/uploads\/2024\/01\/Imagem7-480x320.jpg 480w\" sizes=\"(max-width: 990px) 100vw, 990px\" \/>\t\t\t\t<span class=\"info\">\n\t\t\t\t\t<span class=\"ion ion-document-text\"><\/span>\n\t\t\t\t<\/span>\n\t\t\t<\/a>\n\t\t\t\n\t\t<\/a>\n\t\t\t<\/div>\n\t\t\t<div class=\"desc\">\n\t\t\t\t\t\t\t\t\t<a href=\"https:\/\/tiagoremedio.com.br\/en\/2024\/01\/02\/axpr-ar-valves\/\">\n\t\t\t\t\t\t<span class=\"date\">\n\t\t\t\t\t\t\tJanuary 2, 2024\t\t\t\t\t\t<\/span>\n\t\t\t\t\t<\/a>\n\t\t\t\t\n\t\t\t\t<a href=\"https:\/\/tiagoremedio.com.br\/en\/2024\/01\/02\/axpr-ar-valves\/\" class=\"name\">AXPR AR Valves<\/a>\n\n\t\t\t\t\n\t\t\t\t\t\t\t<\/div>\n\t\t<\/div>\n\t<\/div>\n<\/div>\n\n\n<!-- blog item -->\n<div class=\"col col-d-6 col-t-6 col-m-12 grid-item bf-arvr\">\n\t<div class=\"box-item\">\n\t\t<div id=\"post-617\" class=\"post-617 post type-post status-publish format-standard has-post-thumbnail hentry category-arvr\">\n\t\t\t<div class=\"image\">\n\t\t\t\t<a href=\"https:\/\/tiagoremedio.com.br\/en\/2023\/10\/22\/axpr-treinamento-vr\/\">\t\t\n\t\t\t\t\t\t<a class=\"post-thumbnail\" href=\"https:\/\/tiagoremedio.com.br\/en\/2023\/10\/22\/axpr-treinamento-vr\/\" aria-hidden=\"true\" tabindex=\"-1\">\n\t\t\t\t<img loading=\"lazy\" decoding=\"async\" width=\"880\" height=\"660\" src=\"https:\/\/tiagoremedio.com.br\/wp-content\/uploads\/2024\/01\/1.jpeg\" class=\"attachment-ryancv_590x330 size-ryancv_590x330 wp-post-image\" alt=\"AXPR Treinamento VR\" srcset=\"https:\/\/tiagoremedio.com.br\/wp-content\/uploads\/2024\/01\/1.jpeg 1024w, https:\/\/tiagoremedio.com.br\/wp-content\/uploads\/2024\/01\/1-300x225.jpeg 300w, https:\/\/tiagoremedio.com.br\/wp-content\/uploads\/2024\/01\/1-768x576.jpeg 768w, https:\/\/tiagoremedio.com.br\/wp-content\/uploads\/2024\/01\/1-850x638.jpeg 850w, https:\/\/tiagoremedio.com.br\/wp-content\/uploads\/2024\/01\/1-480x360.jpeg 480w\" sizes=\"(max-width: 880px) 100vw, 880px\" \/>\t\t\t\t<span class=\"info\">\n\t\t\t\t\t<span class=\"ion ion-document-text\"><\/span>\n\t\t\t\t<\/span>\n\t\t\t<\/a>\n\t\t\t\n\t\t<\/a>\n\t\t\t<\/div>\n\t\t\t<div class=\"desc\">\n\t\t\t\t\t\t\t\t\t<a href=\"https:\/\/tiagoremedio.com.br\/en\/2023\/10\/22\/axpr-treinamento-vr\/\">\n\t\t\t\t\t\t<span class=\"date\">\n\t\t\t\t\t\t\tOctober 22, 2023\t\t\t\t\t\t<\/span>\n\t\t\t\t\t<\/a>\n\t\t\t\t\n\t\t\t\t<a href=\"https:\/\/tiagoremedio.com.br\/en\/2023\/10\/22\/axpr-treinamento-vr\/\" class=\"name\">AXPR VR Training<\/a>\n\n\t\t\t\t\n\t\t\t\t\t\t\t<\/div>\n\t\t<\/div>\n\t<\/div>\n<\/div>\n\n\t\t\t\t\t<div class=\"clear\"><\/div>\n\t\t\t\t<\/div>\n\n\t\t\t\t\t\t\t\t<div class=\"pager\">\n\t\t\t\t\t<nav class=\"navigation pagination\" role=\"navigation\">\n\t\t\t\t\t\t<div class=\"nav-links\">\n\n\t\t\t\t\t\t<span aria-label=\"Page 1\" aria-current=\"page\" class=\"page-numbers current\" data-no-translation-aria-label=\"\">1<\/span>\n<a aria-label=\"Page 2\" class=\"page-numbers\" href=\"https:\/\/tiagoremedio.com.br\/en\/wp-json\/wp\/v2\/pages\/2633\/page\/2\/#works\" data-no-translation-aria-label=\"\">2<\/a>\n<span class=\"page-numbers dots\">&hellip;<\/span>\n<a aria-label=\"Page 7\" class=\"page-numbers\" href=\"https:\/\/tiagoremedio.com.br\/en\/wp-json\/wp\/v2\/pages\/2633\/page\/7\/#works\" data-no-translation-aria-label=\"\">7<\/a>\n<a class=\"next page-numbers\" href=\"https:\/\/tiagoremedio.com.br\/en\/wp-json\/wp\/v2\/pages\/2633\/page\/2\/#works\">Next<\/a>\n\t\t\t\t\t\t<\/div>\n\t\t\t\t\t<\/nav>\n\t\t\t\t<\/div>\n\t\t\t\t\n\t\t\t\t\n\t\t\t\t\n\t\t\t\n\t\t\t\t\t<\/div>\n\n\t\t\t\t\t\t<\/div>\n\t\t\t\t<\/div>\n\t\t\t\t\t<\/div>\n\t\t\t\t<\/div>\n\t\t\t\t<\/div>","protected":false},"excerpt":{"rendered":"<p>Projetos December 10, 2025 Automa\u00e7\u00e3o de busca no Portran (Ipiranga) August 25, 2025 Visualiza\u00e7\u00e3o e disponibilidade de itens estocados em&#8230;<\/p>","protected":false},"author":1,"featured_media":0,"parent":0,"menu_order":0,"comment_status":"closed","ping_status":"closed","template":"template-elementor-builder.php","meta":{"_acf_changed":false,"footnotes":""},"class_list":["post-2633","page","type-page","status-publish","hentry"],"acf":[],"_links":{"self":[{"href":"https:\/\/tiagoremedio.com.br\/en\/wp-json\/wp\/v2\/pages\/2633","targetHints":{"allow":["GET"]}}],"collection":[{"href":"https:\/\/tiagoremedio.com.br\/en\/wp-json\/wp\/v2\/pages"}],"about":[{"href":"https:\/\/tiagoremedio.com.br\/en\/wp-json\/wp\/v2\/types\/page"}],"author":[{"embeddable":true,"href":"https:\/\/tiagoremedio.com.br\/en\/wp-json\/wp\/v2\/users\/1"}],"replies":[{"embeddable":true,"href":"https:\/\/tiagoremedio.com.br\/en\/wp-json\/wp\/v2\/comments?post=2633"}],"version-history":[{"count":47,"href":"https:\/\/tiagoremedio.com.br\/en\/wp-json\/wp\/v2\/pages\/2633\/revisions"}],"predecessor-version":[{"id":3117,"href":"https:\/\/tiagoremedio.com.br\/en\/wp-json\/wp\/v2\/pages\/2633\/revisions\/3117"}],"wp:attachment":[{"href":"https:\/\/tiagoremedio.com.br\/en\/wp-json\/wp\/v2\/media?parent=2633"}],"curies":[{"name":"wp","href":"https:\/\/api.w.org\/{rel}","templated":true}]}}